{"id":11867,"date":"2025-11-19T16:09:59","date_gmt":"2025-11-19T15:09:59","guid":{"rendered":"https:\/\/pilarmontojo.com\/cooking-school\/"},"modified":"2025-11-23T20:24:18","modified_gmt":"2025-11-23T19:24:18","slug":"cooking","status":"publish","type":"page","link":"https:\/\/pilarmontojo.com\/en\/cooking\/","title":{"rendered":"SCHOOL"},"content":{"rendered":"<p>[et_pb_section fb_built=&#8221;1&#8243; fullwidth=&#8221;on&#8221; _builder_version=&#8221;4.25.1&#8243; background_color=&#8221;#e5eaea&#8221; hover_enabled=&#8221;0&#8243; collapsed=&#8221;off&#8221; global_colors_info=&#8221;{}&#8221; sticky_enabled=&#8221;0&#8243;][et_pb_fullwidth_post_title meta=&#8221;off&#8221; featured_image=&#8221;off&#8221; text_color=&#8221;light&#8221; admin_label=&#8221;Fullwidth Post Title&#8221; _builder_version=&#8221;4.27.4&#8243; title_font=&#8221;Montserrat||||||||&#8221; title_text_align=&#8221;center&#8221; title_font_size=&#8221;100px&#8221; title_letter_spacing=&#8221;2px&#8221; title_line_height=&#8221;1.2em&#8221; meta_text_align=&#8221;left&#8221; background_color=&#8221;RGBA(255,255,255,0)&#8221; background_image=&#8221;https:\/\/pilarmontojo.com\/wp-content\/uploads\/2021\/01\/IMG_2809-1-scaled.jpg&#8221; min_height=&#8221;437px&#8221; custom_margin=&#8221;||90px||false|false&#8221; custom_padding=&#8221;166px|0px|0px|0px|false|false&#8221; custom_padding_tablet=&#8221;|0px|||false|false&#8221; custom_padding_phone=&#8221;111px|0px|||false|false&#8221; custom_padding_last_edited=&#8221;on|tablet&#8221; hover_enabled=&#8221;0&#8243; title_font_size_tablet=&#8221;100px&#8221; title_font_size_phone=&#8221;58px&#8221; title_font_size_last_edited=&#8221;on|desktop&#8221; text_shadow_style=&#8221;preset3&#8243; global_colors_info=&#8221;{}&#8221; min_height_last_edited=&#8221;on|phone&#8221; min_height_phone=&#8221;302px&#8221; custom_margin_last_edited=&#8221;on|phone&#8221; custom_margin_phone=&#8221;0px||41px||false|false&#8221; sticky_enabled=&#8221;0&#8243; module_alignment_last_edited=&#8221;on|phone&#8221; module_alignment_phone=&#8221;&#8221; min_height_tablet=&#8221;437px&#8221; custom_margin_tablet=&#8221;||90px||false|false&#8221;][\/et_pb_fullwidth_post_title][\/et_pb_section][et_pb_section fb_built=&#8221;1&#8243; _builder_version=&#8221;4.25.1&#8243; background_color=&#8221;RGBA(255,255,255,0)&#8221; custom_padding=&#8221;0px||0px||false|false&#8221; bottom_divider_color=&#8221;#61b3de&#8221; bottom_divider_height=&#8221;75px&#8221; bottom_divider_flip=&#8221;horizontal&#8221; global_colors_info=&#8221;{}&#8221; custom_margin__hover_enabled=&#8221;off|desktop&#8221;][et_pb_row _builder_version=&#8221;4.16&#8243; background_color=&#8221;RGBA(255,255,255,0)&#8221; custom_margin=&#8221;34px|auto||auto||&#8221; custom_padding=&#8221;0px|||||&#8221; global_colors_info=&#8221;{}&#8221;][et_pb_column type=&#8221;4_4&#8243; _builder_version=&#8221;4.16&#8243; global_colors_info=&#8221;{}&#8221;][et_pb_text _builder_version=&#8221;4.25.1&#8243; _module_preset=&#8221;default&#8221; custom_padding=&#8221;||0px|||&#8221; inline_fonts=&#8221;Montserrat Alternates,Montserrat&#8221; global_colors_info=&#8221;{}&#8221;]<\/p>\n<p style=\"text-align: center;\"><span style=\"font-size: xx-large; color: #333399; font-family: Montserrat; font-weight: normal;\">VEGETARIAN COOKING SCHOOL<\/span><\/p>\n<p><\/p>\n<p style=\"text-align: center;\"><span style=\"font-size: xx-large;\"><\/span><\/p>\n<p><\/p>\n<p style=\"text-align: center;\"><span style=\"font-family: Montserrat; font-weight: normal; font-size: x-large;\">The space to learn about vegetarian cooking, from scratch or to expand your knowledge.<\/span><\/p>\n<p><\/p>\n<p style=\"text-align: center;\"><span style=\"font-family: Montserrat; font-weight: normal; font-size: x-large;\">Learn more about this healthy, nutritious and environmentally sustainable cuisine.<\/span><\/p>\n<p><\/p>\n<p style=\"text-align: center;\"><span style=\"font-family: Montserrat; font-weight: normal; font-size: x-large;\">Introduce vegetarianism as part of your eating habits: fully or just a few days a week to cleanse and nourish your body.<\/span><\/p>\n<p>[\/et_pb_text][\/et_pb_column][\/et_pb_row][et_pb_row column_structure=&#8221;2_5,3_5&#8243; _builder_version=&#8221;4.24.1&#8243; _module_preset=&#8221;default&#8221; global_colors_info=&#8221;{}&#8221;][et_pb_column type=&#8221;2_5&#8243; _builder_version=&#8221;4.24.1&#8243; _module_preset=&#8221;default&#8221; global_colors_info=&#8221;{}&#8221;][et_pb_image src=&#8221;https:\/\/pilarmontojo.com\/wp-content\/uploads\/2022\/08\/IMG_E4227-scaled.jpg&#8221; title_text=&#8221;IMG_E4227&#8243; _builder_version=&#8221;4.25.1&#8243; _module_preset=&#8221;default&#8221; width=&#8221;77%&#8221; custom_padding=&#8221;||0px|||&#8221; global_colors_info=&#8221;{}&#8221;][\/et_pb_image][\/et_pb_column][et_pb_column type=&#8221;3_5&#8243; _builder_version=&#8221;4.24.1&#8243; _module_preset=&#8221;default&#8221; global_colors_info=&#8221;{}&#8221;][et_pb_text _builder_version=&#8221;4.27.4&#8243; _module_preset=&#8221;default&#8221; text_font_size=&#8221;20px&#8221; text_line_height=&#8221;1.8em&#8221; background_color=&#8221;#FFFFFF&#8221; custom_margin=&#8221;40px|||-231px|false|false&#8221; custom_padding=&#8221;36px|33px|48px|50px|false|false&#8221; hover_enabled=&#8221;0&#8243; border_width_all=&#8221;1px&#8221; box_shadow_style=&#8221;preset2&#8243; inline_fonts=&#8221;Montserrat Alternates,Montserrat&#8221; global_colors_info=&#8221;{}&#8221; custom_margin_last_edited=&#8221;on|tablet&#8221; custom_margin_tablet=&#8221;40px|||0px|false|false&#8221; sticky_enabled=&#8221;0&#8243; custom_margin_phone=&#8221;40px|||0px|false|false&#8221;]<\/p>\n<p><span style=\"font-family: Montserrat;\"><span style=\"font-size: 20px;\">VEGETARIAN COOKING COURSE<\/span><span style=\"font-weight: normal;\"><\/span><\/span><\/p>\n<p><\/p>\n<p><span style=\"font-family: Montserrat; font-weight: normal;\">Learn everything about vegetarian cooking and start a healthy diet from day one. Discover the ingredients, their nutritional properties, organize your kitchen, and prepare recipes step by step.<\/span><\/p>\n<p>[\/et_pb_text][et_pb_button button_url=&#8221;https:\/\/pilarmontojo.com\/en\/wpfunnel_steps\/course\/&#8221; button_text=&#8221;INFO&#8221; button_alignment=&#8221;center&#8221; _builder_version=&#8221;4.27.4&#8243; _module_preset=&#8221;default&#8221; custom_button=&#8221;on&#8221; button_text_size=&#8221;27px&#8221; button_text_color=&#8221;#FFFFFF&#8221; button_bg_color=&#8221;#3D839C&#8221; button_border_width=&#8221;0px&#8221; button_border_radius=&#8221;13px&#8221; button_letter_spacing=&#8221;0px&#8221; button_font=&#8221;Montserrat|500|||||||&#8221; button_icon=&#8221;&#xe060;||divi||400&#8243; button_icon_color=&#8221;#FFFFFF&#8221; custom_margin=&#8221;-11px||0px|2px|false|false&#8221; custom_margin_last_edited=&#8221;on|phone&#8221; custom_padding=&#8221;|0px||0px|false|false&#8221; animation_style=&#8221;fade&#8221; hover_enabled=&#8221;0&#8243; button_text_size_tablet=&#8221;27px&#8221; button_text_size_phone=&#8221;27px&#8221; button_text_size_last_edited=&#8221;on|desktop&#8221; custom_css_free_form=&#8221;\/* Escritorio (por defecto) *\/||.selector {||    width: 24% !important;||}||||\/* Tablet (m\u00e1s ancho que m\u00f3vil, m\u00e1s estrecho que escritorio) *\/||@media (max-width: 1024px) {||    .selector {||        width: 32% !important; \/* aqu\u00ed los haces \u201cun poco m\u00e1s anchos\u201d *\/||    }||}||||\/* M\u00f3vil *\/||@media (max-width: 768px) {||    .selector {||        width: 49% !important;||    }||}||&#8221; box_shadow_style=&#8221;preset2&#8243; global_colors_info=&#8221;{}&#8221; custom_padding_last_edited=&#8221;on|phone&#8221; custom_padding_phone=&#8221;|0px||0px|false|false&#8221; button_letter_spacing_last_edited=&#8221;on|phone&#8221; button_letter_spacing_phone=&#8221;0px&#8221; sticky_enabled=&#8221;0&#8243; custom_margin_tablet=&#8221;-11px||0px|2px|false|false&#8221; custom_margin_phone=&#8221;-11px||0px|2px|false|false&#8221; custom_padding_tablet=&#8221;|0px||0px|false|false&#8221; button_letter_spacing_tablet=&#8221;0px&#8221;][\/et_pb_button][\/et_pb_column][\/et_pb_row][et_pb_row column_structure=&#8221;2_5,3_5&#8243; _builder_version=&#8221;4.24.1&#8243; _module_preset=&#8221;default&#8221; global_colors_info=&#8221;{}&#8221;][et_pb_column type=&#8221;2_5&#8243; _builder_version=&#8221;4.24.1&#8243; _module_preset=&#8221;default&#8221; global_colors_info=&#8221;{}&#8221;][et_pb_image src=&#8221;https:\/\/pilarmontojo.com\/wp-content\/uploads\/2024\/05\/kibbe-scaled.jpg&#8221; title_text=&#8221;kibbe&#8221; _builder_version=&#8221;4.25.1&#8243; _module_preset=&#8221;default&#8221; global_colors_info=&#8221;{}&#8221;][\/et_pb_image][et_pb_text _builder_version=&#8221;4.25.1&#8243; _module_preset=&#8221;default&#8221; background_color=&#8221;#3D839C&#8221; width=&#8221;100%&#8221; custom_margin=&#8221;0px||||false|false&#8221; custom_padding=&#8221;14px||14px||false|false&#8221; animation_style=&#8221;zoom&#8221; global_colors_info=&#8221;{}&#8221;]<\/p>\n<p style=\"text-align: center;\"><span style=\"color: #ffffff;\">UNDER CONSTRUCTION<\/span><\/p>\n<p>[\/et_pb_text][\/et_pb_column][et_pb_column type=&#8221;3_5&#8243; _builder_version=&#8221;4.24.1&#8243; _module_preset=&#8221;default&#8221; global_colors_info=&#8221;{}&#8221;][et_pb_text _builder_version=&#8221;4.27.4&#8243; _module_preset=&#8221;default&#8221; text_font_size=&#8221;20px&#8221; text_line_height=&#8221;1.8em&#8221; background_color=&#8221;#FFFFFF&#8221; width=&#8221;125.9%&#8221; custom_margin=&#8221;9px||10px|-145px|false|false&#8221; custom_padding=&#8221;36px|33px|48px|53px|false|false&#8221; hover_enabled=&#8221;0&#8243; border_width_all=&#8221;1px&#8221; box_shadow_style=&#8221;preset2&#8243; inline_fonts=&#8221;Montserrat Alternates,Montserrat&#8221; global_colors_info=&#8221;{}&#8221; sticky_enabled=&#8221;0&#8243; custom_margin_last_edited=&#8221;on|tablet&#8221; custom_margin_tablet=&#8221;9px||10px|0px|false|false&#8221; custom_margin_phone=&#8221;9px||10px|0px|false|false&#8221;]<\/p>\n<p style=\"font-family: Montserrat;\">\n  <span style=\"font-size: 20px;\">PLANT-BASED PROTEINS COURSE<\/span>\n<\/p>\n<p><\/p>\n<p style=\"font-family: Montserrat;\">\n  Learn about the world of plant-based proteins and dive deeper into this topic to ensure you\u2019re getting this essential macronutrient in your diet: the main protein sources, protein combinations, the foods that contain them, and how to monitor your intake.\n<\/p>\n<p>[\/et_pb_text][et_pb_button button_url=&#8221;https:\/\/pilarmontojo.com\/en\/wpfunnel_steps\/course\/&#8221; button_text=&#8221;INFO&#8221; button_alignment=&#8221;center&#8221; _builder_version=&#8221;4.27.4&#8243; _module_preset=&#8221;default&#8221; custom_button=&#8221;on&#8221; button_text_size=&#8221;27px&#8221; button_text_color=&#8221;#FFFFFF&#8221; button_bg_color=&#8221;#3D839C&#8221; button_border_width=&#8221;0px&#8221; button_border_radius=&#8221;13px&#8221; button_letter_spacing=&#8221;0px&#8221; button_font=&#8221;Montserrat|500|||||||&#8221; button_icon=&#8221;&#xe060;||divi||400&#8243; button_icon_color=&#8221;#FFFFFF&#8221; custom_margin=&#8221;||0px|2px|false|false&#8221; custom_margin_last_edited=&#8221;off|desktop&#8221; custom_padding=&#8221;|0px||0px|false|false&#8221; animation_style=&#8221;fade&#8221; hover_enabled=&#8221;0&#8243; button_text_size_tablet=&#8221;27px&#8221; button_text_size_phone=&#8221;27px&#8221; button_text_size_last_edited=&#8221;on|desktop&#8221; custom_css_free_form=&#8221;\/* Escritorio (por defecto) *\/||.selector {||    width: 24% !important;||}||||\/* Tablet (m\u00e1s ancho que m\u00f3vil, m\u00e1s estrecho que escritorio) *\/||@media (max-width: 1024px) {||    .selector {||        width: 32% !important; \/* aqu\u00ed los haces \u201cun poco m\u00e1s anchos\u201d *\/||    }||}||||\/* M\u00f3vil *\/||@media (max-width: 768px) {||    .selector {||        width: 49% !important;||    }||}||&#8221; box_shadow_style=&#8221;preset2&#8243; locked=&#8221;off&#8221; global_colors_info=&#8221;{}&#8221; sticky_enabled=&#8221;0&#8243;][\/et_pb_button][\/et_pb_column][\/et_pb_row][\/et_pb_section][et_pb_section fb_built=&#8221;1&#8243; _builder_version=&#8221;4.16&#8243; background_color=&#8221;#FFFFFF&#8221; custom_padding=&#8221;30px||70px||false|false&#8221; bottom_divider_style=&#8221;none&#8221; bottom_divider_color=&#8221;#242424&#8243; bottom_divider_height=&#8221;50px&#8221; bottom_divider_flip=&#8221;vertical&#8221; global_colors_info=&#8221;{}&#8221;][et_pb_row _builder_version=&#8221;4.16&#8243; _module_preset=&#8221;default&#8221; global_colors_info=&#8221;{}&#8221;][et_pb_column type=&#8221;4_4&#8243; _builder_version=&#8221;4.16&#8243; _module_preset=&#8221;default&#8221; global_colors_info=&#8221;{}&#8221;][et_pb_post_slider more_text=&#8221;Read more&#8221; _builder_version=&#8221;4.27.4&#8243; _module_preset=&#8221;default&#8221; global_colors_info=&#8221;{}&#8221;][\/et_pb_post_slider][et_pb_text _builder_version=&#8221;4.27.0&#8243; _module_preset=&#8221;default&#8221; text_font=&#8221;Comfortaa||||||||&#8221; text_text_color=&#8221;#497ED4&#8243; background_color=&#8221;#6b93d3&#8243; custom_margin=&#8221;0px||||false|false&#8221; custom_padding=&#8221;15px||13px||false|false&#8221; border_radii=&#8221;on|7px|7px|7px|7px&#8221; box_shadow_style=&#8221;preset3&#8243; inline_fonts=&#8221;Montserrat&#8221; global_colors_info=&#8221;{}&#8221;]<\/p>\n<h5 style=\"text-align: center;\">\n  <span style=\"color: #ffffff; font-family: Montserrat;\">Do you want to receive news related to food?<\/span><br \/>\n<\/h5>\n<p><\/p>\n<h5 style=\"text-align: center;\">\n  <span style=\"color: #ffffff; font-family: Montserrat;\">Subscribe to my blog<\/span><br \/>\n<\/h5>\n<p>[\/et_pb_text][\/et_pb_column][\/et_pb_row][et_pb_row _builder_version=&#8221;4.16&#8243; _module_preset=&#8221;default&#8221; custom_padding=&#8221;||19px|||&#8221; box_shadow_style=&#8221;preset1&#8243; global_colors_info=&#8221;{}&#8221;][et_pb_column type=&#8221;4_4&#8243; _builder_version=&#8221;4.16&#8243; _module_preset=&#8221;default&#8221; global_colors_info=&#8221;{}&#8221;][et_pb_code _builder_version=&#8221;4.27.4&#8243; _module_preset=&#8221;default&#8221; custom_margin=&#8221;-21px|||||&#8221; custom_padding=&#8221;7px|||||&#8221; global_colors_info=&#8221;{}&#8221;]<!-- Begin Mailchimp Signup Form --><!-- [et_pb_line_break_holder] --><link href=\"\/\/cdn-images.mailchimp.com\/embedcode\/classic-10_7.css\" rel=\"stylesheet\" type=\"text\/css\"><!-- [et_pb_line_break_holder] --><\/p>\n<style type=\"text\/css\"><!-- [et_pb_line_break_holder] -->\t#mc_embed_signup{background:#fff; clear:left; font:14px Helvetica,Arial,sans-serif; }<!-- [et_pb_line_break_holder] -->\t\/* Add your own Mailchimp form style overrides in your site stylesheet or in this style block.<!-- [et_pb_line_break_holder] -->\t   We recommend moving this block and the preceding CSS link to the HEAD of your HTML file. *\/<!-- [et_pb_line_break_holder] --><\/style>\n<p><!-- [et_pb_line_break_holder] --><\/p>\n<div id=\"mc_embed_signup\"><!-- [et_pb_line_break_holder] --><\/p>\n<form action=\"https:\/\/pilarmontojo.us20.list-manage.com\/subscribe\/post?u=9da649de631f41d4688b98561&#038;id=62aef12009\" method=\"post\" id=\"mc-embedded-subscribe-form\" name=\"mc-embedded-subscribe-form\" class=\"validate\" target=\"_blank\" novalidate><!-- [et_pb_line_break_holder] -->    <\/p>\n<div id=\"mc_embed_signup_scroll\"><!-- [et_pb_line_break_holder] -->\t<\/p>\n<h2>Suscr\u00edbete<\/h2>\n<p><!-- [et_pb_line_break_holder] --><\/p>\n<div class=\"indicates-required\"><span class=\"asterisk\">*<\/span> campo obligatorio<\/div>\n<p><!-- [et_pb_line_break_holder] --><\/p>\n<div class=\"mc-field-group\"><!-- [et_pb_line_break_holder] -->\t<label for=\"mce-EMAIL\">Correo electr\u00f3nico  <span class=\"asterisk\">*<\/span><!-- [et_pb_line_break_holder] --><\/label><!-- [et_pb_line_break_holder] -->\t<input type=\"email\" value=\"\" name=\"EMAIL\" class=\"required email\" id=\"mce-EMAIL\"><!-- [et_pb_line_break_holder] --><\/div>\n<p><!-- [et_pb_line_break_holder] --><\/p>\n<div class=\"mc-field-group\"><!-- [et_pb_line_break_holder] -->\t<label for=\"mce-FNAME\">Nombre <\/label><!-- [et_pb_line_break_holder] -->\t<input type=\"text\" value=\"\" name=\"FNAME\" class=\"\" id=\"mce-FNAME\"><!-- [et_pb_line_break_holder] --><\/div>\n<p><!-- [et_pb_line_break_holder] -->\t<\/p>\n<div id=\"mce-responses\" class=\"clear\"><!-- [et_pb_line_break_holder] -->\t\t<\/p>\n<div class=\"response\" id=\"mce-error-response\" style=\"display:none\"><\/div>\n<p><!-- [et_pb_line_break_holder] -->\t\t<\/p>\n<div class=\"response\" id=\"mce-success-response\" style=\"display:none\"><\/div>\n<p><!-- [et_pb_line_break_holder] -->\t<\/div>\n<p>    <!-- real people should not fill this in and expect good things - do not remove this or risk form bot signups--><!-- [et_pb_line_break_holder] -->    <\/p>\n<div style=\"position: absolute; left: -5000px;\" aria-hidden=\"true\"><input type=\"text\" name=\"b_9da649de631f41d4688b98561_62aef12009\" tabindex=\"-1\" value=\"\"><\/div>\n<p><!-- [et_pb_line_break_holder] -->    <\/p>\n<div class=\"clear\"><input type=\"submit\" value=\"Suscribirme\" name=\"subscribe\" id=\"mc-embedded-subscribe\" class=\"button\"><\/div>\n<p><!-- [et_pb_line_break_holder] -->    <\/div>\n<p><!-- [et_pb_line_break_holder] --><\/form>\n<p><!-- [et_pb_line_break_holder] --><\/div>\n<p><!-- [et_pb_line_break_holder] --><script type='text\/javascript' src='\/\/s3.amazonaws.com\/downloads.mailchimp.com\/js\/mc-validate.js'><\/script><script type='text\/javascript'>(function($) {window.fnames = new Array(); window.ftypes = new Array();fnames[0]='EMAIL';ftypes[0]='email';fnames[1]='FNAME';ftypes[1]='text';fnames[2]='LNAME';ftypes[2]='text';fnames[3]='ADDRESS';ftypes[3]='address';fnames[4]='PHONE';ftypes[4]='phone';fnames[5]='BIRTHDAY';ftypes[5]='birthday'; \/*<!-- [et_pb_line_break_holder] --> * Translated default messages for the $ validation plugin.<!-- [et_pb_line_break_holder] --> * Locale: ES<!-- [et_pb_line_break_holder] --> *\/<!-- [et_pb_line_break_holder] -->$.extend($.validator.messages, {<!-- [et_pb_line_break_holder] -->  required: \"Este campo es obligatorio.\",<!-- [et_pb_line_break_holder] -->  remote: \"Por favor, rellena este campo.\",<!-- [et_pb_line_break_holder] -->  email: \"Por favor, escribe una direcci\u00f3n de correo v\u00e1lida\",<!-- [et_pb_line_break_holder] -->  url: \"Por favor, escribe una URL v\u00e1lida.\",<!-- [et_pb_line_break_holder] -->  date: \"Por favor, escribe una fecha v\u00e1lida.\",<!-- [et_pb_line_break_holder] -->  dateISO: \"Por favor, escribe una fecha (ISO) v\u00e1lida.\",<!-- [et_pb_line_break_holder] -->  number: \"Por favor, escribe un n\u00famero entero v\u00e1lido.\",<!-- [et_pb_line_break_holder] -->  digits: \"Por favor, escribe s\u00f3lo d\u00edgitos.\",<!-- [et_pb_line_break_holder] -->  creditcard: \"Por favor, escribe un n\u00famero de tarjeta v\u00e1lido.\",<!-- [et_pb_line_break_holder] -->  equalTo: \"Por favor, escribe el mismo valor de nuevo.\",<!-- [et_pb_line_break_holder] -->  accept: \"Por favor, escribe un valor con una extensi\u00f3n aceptada.\",<!-- [et_pb_line_break_holder] -->  maxlength: $.validator.format(\"Por favor, no escribas m\u00e1s de {0} caracteres.\"),<!-- [et_pb_line_break_holder] -->  minlength: $.validator.format(\"Por favor, no escribas menos de {0} caracteres.\"),<!-- [et_pb_line_break_holder] -->  rangelength: $.validator.format(\"Por favor, escribe un valor entre {0} y {1} caracteres.\"),<!-- [et_pb_line_break_holder] -->  range: $.validator.format(\"Por favor, escribe un valor entre {0} y {1}.\"),<!-- [et_pb_line_break_holder] -->  max: $.validator.format(\"Por favor, escribe un valor menor o igual a {0}.\"),<!-- [et_pb_line_break_holder] -->  min: $.validator.format(\"Por favor, escribe un valor mayor o igual a {0}.\")<!-- [et_pb_line_break_holder] -->});}(jQuery));var $mcj = jQuery.noConflict(true);<\/script><!-- [et_pb_line_break_holder] --><!--End mc_embed_signup-->[\/et_pb_code][\/et_pb_column][\/et_pb_row][\/et_pb_section]<\/p>\n","protected":false},"excerpt":{"rendered":"<p>VEGETARIAN COOKING SCHOOLThe space to learn about vegetarian cooking, from scratch or to expand your knowledge.Learn more about this healthy, nutritious and environmentally sustainable cuisine.Introduce vegetarianism as part of your eating habits: fully or just a few days a week to cleanse and nourish your body.VEGETARIAN COOKING COURSELearn everything about vegetarian cooking and start a [&hellip;]<\/p>\n","protected":false},"author":3,"featured_media":0,"parent":0,"menu_order":0,"comment_status":"closed","ping_status":"closed","template":"","meta":{"_et_pb_use_builder":"on","_et_pb_old_content":"","_et_gb_content_width":"","order-bump-settings":[],"_wpfnl_thankyou_order_overview":"on","_wpfnl_thankyou_order_details":"on","_wpfnl_thankyou_billing_details":"on","_wpfnl_thankyou_shipping_details":"on","footnotes":""},"class_list":["post-11867","page","type-page","status-publish","hentry"],"_links":{"self":[{"href":"https:\/\/pilarmontojo.com\/en\/wp-json\/wp\/v2\/pages\/11867"}],"collection":[{"href":"https:\/\/pilarmontojo.com\/en\/wp-json\/wp\/v2\/pages"}],"about":[{"href":"https:\/\/pilarmontojo.com\/en\/wp-json\/wp\/v2\/types\/page"}],"author":[{"embeddable":true,"href":"https:\/\/pilarmontojo.com\/en\/wp-json\/wp\/v2\/users\/3"}],"replies":[{"embeddable":true,"href":"https:\/\/pilarmontojo.com\/en\/wp-json\/wp\/v2\/comments?post=11867"}],"version-history":[{"count":9,"href":"https:\/\/pilarmontojo.com\/en\/wp-json\/wp\/v2\/pages\/11867\/revisions"}],"predecessor-version":[{"id":12074,"href":"https:\/\/pilarmontojo.com\/en\/wp-json\/wp\/v2\/pages\/11867\/revisions\/12074"}],"wp:attachment":[{"href":"https:\/\/pilarmontojo.com\/en\/wp-json\/wp\/v2\/media?parent=11867"}],"curies":[{"name":"wp","href":"https:\/\/api.w.org\/{rel}","templated":true}]}}